{"id":67,"date":"2023-08-29T10:19:46","date_gmt":"2023-08-29T08:19:46","guid":{"rendered":"https:\/\/www.fernandodealbaarquitecto.com\/?page_id=67"},"modified":"2023-11-07T21:36:10","modified_gmt":"2023-11-07T19:36:10","slug":"mapa-web","status":"publish","type":"page","link":"https:\/\/fernandodealbaarquitecto.com\/en\/mapa-web\/","title":{"rendered":"Web map"},"content":{"rendered":"<div data-elementor-type=\"wp-page\" data-elementor-id=\"67\" class=\"elementor elementor-67\" data-elementor-post-type=\"page\">\n\t\t\t\t<div class=\"elementor-element elementor-element-97c7b2c e-flex e-con-boxed e-con e-parent\" data-id=\"97c7b2c\" data-element_type=\"container\" data-settings=\"{&quot;background_background&quot;:&quot;classic&quot;}\">\n\t\t\t\t\t<div class=\"e-con-inner\">\n\t\t\t\t<div class=\"elementor-element elementor-element-7232037 elementor-widget__width-inherit elementor-widget elementor-widget-heading\" data-id=\"7232037\" data-element_type=\"widget\" data-widget_type=\"heading.default\">\n\t\t\t\t<div class=\"elementor-widget-container\">\n\t\t\t\t\t<h4 class=\"elementor-heading-title elementor-size-default\">Web map<\/h4>\t\t\t\t<\/div>\n\t\t\t\t<\/div>\n\t\t<div class=\"elementor-element elementor-element-9676371 e-flex e-con-boxed e-con e-child\" data-id=\"9676371\" data-element_type=\"container\">\n\t\t\t\t\t<div class=\"e-con-inner\">\n\t\t\t\t<div class=\"elementor-element elementor-element-62907f3 elementor-widget__width-initial elementor-widget-mobile__width-inherit url-color23 elementor-widget elementor-widget-text-editor\" data-id=\"62907f3\" data-element_type=\"widget\" data-widget_type=\"text-editor.default\">\n\t\t\t\t<div class=\"elementor-widget-container\">\n\t\t\t\t\t\t\t\t\t<p><span style=\"text-decoration: underline; font-size: 20px;\"><strong>Web<br \/><\/strong><\/span><\/p><p><a href=\"https:\/\/fernandodealbaarquitecto.com\/en\/\">Start<\/a><\/p><p><a href=\"https:\/\/fernandodealbaarquitecto.com\/en\/portfolio\/\">Portfolio<\/a><\/p><p><a href=\"https:\/\/fernandodealbaarquitecto.com\/en\/centro-de-ayuda\/\">Help Center<\/a><\/p><p><a href=\"https:\/\/fernandodealbaarquitecto.com\/en\/contacto\/\">Contact<\/a><\/p>\t\t\t\t\t\t\t\t<\/div>\n\t\t\t\t<\/div>\n\t\t\t\t<div class=\"elementor-element elementor-element-55dae14 elementor-widget__width-initial url-color23 elementor-widget elementor-widget-text-editor\" data-id=\"55dae14\" data-element_type=\"widget\" data-widget_type=\"text-editor.default\">\n\t\t\t\t<div class=\"elementor-widget-container\">\n\t\t\t\t\t\t\t\t\t<p><span style=\"text-decoration: underline; font-size: 20px;\"><strong>Legal pages<\/strong><\/span><\/p><p><a href=\"https:\/\/fernandodealbaarquitecto.com\/en\/politica-privacidad\/\">Privacy Policy<\/a><\/p><p><a href=\"https:\/\/fernandodealbaarquitecto.com\/en\/politica-cookies\/\">Cookies policy<\/a><\/p><p><a href=\"https:\/\/fernandodealbaarquitecto.com\/en\/aviso-legal\/\">Legal warning<\/a><\/p><p><a href=\"https:\/\/fernandodealbaarquitecto.com\/en\/accesibilidad\/\">Accessibility<\/a><\/p><p><a href=\"https:\/\/fernandodealbaarquitecto.com\/en\/mapa-web\/\">Web map<\/a><\/p>\t\t\t\t\t\t\t\t<\/div>\n\t\t\t\t<\/div>\n\t\t\t\t\t<\/div>\n\t\t\t\t<\/div>\n\t\t\t\t\t<\/div>\n\t\t\t\t<\/div>\n\t\t\t\t<\/div>","protected":false},"excerpt":{"rendered":"<p>Web map Web Home Portfolio Help Center Contact Legal pages Privacy policy Cookie policy Legal notice Accessibility Web map<\/p>","protected":false},"author":1,"featured_media":0,"parent":0,"menu_order":0,"comment_status":"closed","ping_status":"closed","template":"","meta":{"footnotes":""},"class_list":["post-67","page","type-page","status-publish","hentry"],"yoast_head":"<!-- This site is optimized with the Yoast SEO plugin v25.3.1 - https:\/\/yoast.com\/wordpress\/plugins\/seo\/ -->\n<title>Mapa web - Fernando De Alba Arquitecto<\/title>\n<meta name=\"robots\" content=\"noindex, nofollow\" \/>\n<meta property=\"og:locale\" content=\"en_GB\" \/>\n<meta property=\"og:type\" content=\"article\" \/>\n<meta property=\"og:title\" content=\"Mapa web - Fernando De Alba Arquitecto\" \/>\n<meta property=\"og:description\" content=\"Mapa web Web Inicio Portfolio Centro de ayuda Contacto P\u00e1ginas legales Pol\u00edtica de privacidad Pol\u00edtica de cookies Aviso legal Accesibilidad Mapa web\" \/>\n<meta property=\"og:url\" content=\"https:\/\/fernandodealbaarquitecto.com\/en\/mapa-web\/\" \/>\n<meta property=\"og:site_name\" content=\"Fernando De Alba Arquitecto\" \/>\n<meta property=\"article:modified_time\" content=\"2023-11-07T19:36:10+00:00\" \/>\n<meta name=\"twitter:card\" content=\"summary_large_image\" \/>\n<meta name=\"twitter:label1\" content=\"Estimated reading time\" \/>\n\t<meta name=\"twitter:data1\" content=\"1 minute\" \/>\n<script type=\"application\/ld+json\" class=\"yoast-schema-graph\">{\"@context\":\"https:\/\/schema.org\",\"@graph\":[{\"@type\":\"WebPage\",\"@id\":\"https:\/\/fernandodealbaarquitecto.com\/mapa-web\/\",\"url\":\"https:\/\/fernandodealbaarquitecto.com\/mapa-web\/\",\"name\":\"Mapa web - Fernando De Alba Arquitecto\",\"isPartOf\":{\"@id\":\"https:\/\/fernandodealbaarquitecto.com\/#website\"},\"datePublished\":\"2023-08-29T08:19:46+00:00\",\"dateModified\":\"2023-11-07T19:36:10+00:00\",\"breadcrumb\":{\"@id\":\"https:\/\/fernandodealbaarquitecto.com\/mapa-web\/#breadcrumb\"},\"inLanguage\":\"en-GB\",\"potentialAction\":[{\"@type\":\"ReadAction\",\"target\":[\"https:\/\/fernandodealbaarquitecto.com\/mapa-web\/\"]}]},{\"@type\":\"BreadcrumbList\",\"@id\":\"https:\/\/fernandodealbaarquitecto.com\/mapa-web\/#breadcrumb\",\"itemListElement\":[{\"@type\":\"ListItem\",\"position\":1,\"name\":\"Portada\",\"item\":\"https:\/\/fernandodealbaarquitecto.com\/\"},{\"@type\":\"ListItem\",\"position\":2,\"name\":\"Mapa web\"}]},{\"@type\":\"WebSite\",\"@id\":\"https:\/\/fernandodealbaarquitecto.com\/#website\",\"url\":\"https:\/\/fernandodealbaarquitecto.com\/\",\"name\":\"Fernando De Alba Arquitecto\",\"description\":\"\",\"publisher\":{\"@id\":\"https:\/\/fernandodealbaarquitecto.com\/#\/schema\/person\/8c4973405a7c7ecb5efca7ea5bc4a4c3\"},\"potentialAction\":[{\"@type\":\"SearchAction\",\"target\":{\"@type\":\"EntryPoint\",\"urlTemplate\":\"https:\/\/fernandodealbaarquitecto.com\/?s={search_term_string}\"},\"query-input\":{\"@type\":\"PropertyValueSpecification\",\"valueRequired\":true,\"valueName\":\"search_term_string\"}}],\"inLanguage\":\"en-GB\"},{\"@type\":[\"Person\",\"Organization\"],\"@id\":\"https:\/\/fernandodealbaarquitecto.com\/#\/schema\/person\/8c4973405a7c7ecb5efca7ea5bc4a4c3\",\"name\":\"Fernando De Alba\",\"image\":{\"@type\":\"ImageObject\",\"inLanguage\":\"en-GB\",\"@id\":\"https:\/\/fernandodealbaarquitecto.com\/#\/schema\/person\/image\/\",\"url\":\"https:\/\/fernandodealbaarquitecto.com\/wp-content\/uploads\/2023\/08\/fernando-de-alba-logo.svg\",\"contentUrl\":\"https:\/\/fernandodealbaarquitecto.com\/wp-content\/uploads\/2023\/08\/fernando-de-alba-logo.svg\",\"width\":190,\"height\":32,\"caption\":\"Fernando De Alba\"},\"logo\":{\"@id\":\"https:\/\/fernandodealbaarquitecto.com\/#\/schema\/person\/image\/\"},\"description\":\"Arquitecto e interiorista en C\u00e1diz\",\"sameAs\":[\"https:\/\/www.instagram.com\/dealba_fernando\/\",\"https:\/\/www.linkedin.com\/in\/fernandodealba\/\"]}]}<\/script>\n<!-- \/ Yoast SEO plugin. -->","yoast_head_json":{"title":"Mapa web - Fernando De Alba Arquitecto","robots":{"index":"noindex","follow":"nofollow"},"og_locale":"en_GB","og_type":"article","og_title":"Mapa web - Fernando De Alba Arquitecto","og_description":"Mapa web Web Inicio Portfolio Centro de ayuda Contacto P\u00e1ginas legales Pol\u00edtica de privacidad Pol\u00edtica de cookies Aviso legal Accesibilidad Mapa web","og_url":"https:\/\/fernandodealbaarquitecto.com\/en\/mapa-web\/","og_site_name":"Fernando De Alba Arquitecto","article_modified_time":"2023-11-07T19:36:10+00:00","twitter_card":"summary_large_image","twitter_misc":{"Estimated reading time":"1 minute"},"schema":{"@context":"https:\/\/schema.org","@graph":[{"@type":"WebPage","@id":"https:\/\/fernandodealbaarquitecto.com\/mapa-web\/","url":"https:\/\/fernandodealbaarquitecto.com\/mapa-web\/","name":"Mapa web - Fernando De Alba Arquitecto","isPartOf":{"@id":"https:\/\/fernandodealbaarquitecto.com\/#website"},"datePublished":"2023-08-29T08:19:46+00:00","dateModified":"2023-11-07T19:36:10+00:00","breadcrumb":{"@id":"https:\/\/fernandodealbaarquitecto.com\/mapa-web\/#breadcrumb"},"inLanguage":"en-GB","potentialAction":[{"@type":"ReadAction","target":["https:\/\/fernandodealbaarquitecto.com\/mapa-web\/"]}]},{"@type":"BreadcrumbList","@id":"https:\/\/fernandodealbaarquitecto.com\/mapa-web\/#breadcrumb","itemListElement":[{"@type":"ListItem","position":1,"name":"Portada","item":"https:\/\/fernandodealbaarquitecto.com\/"},{"@type":"ListItem","position":2,"name":"Mapa web"}]},{"@type":"WebSite","@id":"https:\/\/fernandodealbaarquitecto.com\/#website","url":"https:\/\/fernandodealbaarquitecto.com\/","name":"Fernando De Alba Arquitecto","description":"","publisher":{"@id":"https:\/\/fernandodealbaarquitecto.com\/#\/schema\/person\/8c4973405a7c7ecb5efca7ea5bc4a4c3"},"potentialAction":[{"@type":"SearchAction","target":{"@type":"EntryPoint","urlTemplate":"https:\/\/fernandodealbaarquitecto.com\/?s={search_term_string}"},"query-input":{"@type":"PropertyValueSpecification","valueRequired":true,"valueName":"search_term_string"}}],"inLanguage":"en-GB"},{"@type":["Person","Organization"],"@id":"https:\/\/fernandodealbaarquitecto.com\/#\/schema\/person\/8c4973405a7c7ecb5efca7ea5bc4a4c3","name":"Fernando De Alba","image":{"@type":"ImageObject","inLanguage":"en-GB","@id":"https:\/\/fernandodealbaarquitecto.com\/#\/schema\/person\/image\/","url":"https:\/\/fernandodealbaarquitecto.com\/wp-content\/uploads\/2023\/08\/fernando-de-alba-logo.svg","contentUrl":"https:\/\/fernandodealbaarquitecto.com\/wp-content\/uploads\/2023\/08\/fernando-de-alba-logo.svg","width":190,"height":32,"caption":"Fernando De Alba"},"logo":{"@id":"https:\/\/fernandodealbaarquitecto.com\/#\/schema\/person\/image\/"},"description":"Arquitecto e interiorista en C\u00e1diz","sameAs":["https:\/\/www.instagram.com\/dealba_fernando\/","https:\/\/www.linkedin.com\/in\/fernandodealba\/"]}]}},"_links":{"self":[{"href":"https:\/\/fernandodealbaarquitecto.com\/en\/wp-json\/wp\/v2\/pages\/67","targetHints":{"allow":["GET"]}}],"collection":[{"href":"https:\/\/fernandodealbaarquitecto.com\/en\/wp-json\/wp\/v2\/pages"}],"about":[{"href":"https:\/\/fernandodealbaarquitecto.com\/en\/wp-json\/wp\/v2\/types\/page"}],"author":[{"embeddable":true,"href":"https:\/\/fernandodealbaarquitecto.com\/en\/wp-json\/wp\/v2\/users\/1"}],"replies":[{"embeddable":true,"href":"https:\/\/fernandodealbaarquitecto.com\/en\/wp-json\/wp\/v2\/comments?post=67"}],"version-history":[{"count":38,"href":"https:\/\/fernandodealbaarquitecto.com\/en\/wp-json\/wp\/v2\/pages\/67\/revisions"}],"predecessor-version":[{"id":538,"href":"https:\/\/fernandodealbaarquitecto.com\/en\/wp-json\/wp\/v2\/pages\/67\/revisions\/538"}],"wp:attachment":[{"href":"https:\/\/fernandodealbaarquitecto.com\/en\/wp-json\/wp\/v2\/media?parent=67"}],"curies":[{"name":"wp","href":"https:\/\/api.w.org\/{rel}","templated":true}]}}