{"id":59,"date":"2023-08-29T10:19:07","date_gmt":"2023-08-29T08:19:07","guid":{"rendered":"https:\/\/www.fernandodealbaarquitecto.com\/?page_id=59"},"modified":"2023-11-20T10:54:55","modified_gmt":"2023-11-20T08:54:55","slug":"politica-cookies","status":"publish","type":"page","link":"https:\/\/fernandodealbaarquitecto.com\/en\/politica-cookies\/","title":{"rendered":"Cookies policy"},"content":{"rendered":"<div data-elementor-type=\"wp-page\" data-elementor-id=\"59\" class=\"elementor elementor-59\" data-elementor-post-type=\"page\">\n\t\t\t\t<div class=\"elementor-element elementor-element-3241998 e-flex e-con-boxed e-con e-parent\" data-id=\"3241998\" data-element_type=\"container\">\n\t\t\t\t\t<div class=\"e-con-inner\">\n\t\t\t\t<div class=\"elementor-element elementor-element-a48d256 elementor-widget elementor-widget-heading\" data-id=\"a48d256\" data-element_type=\"widget\" data-widget_type=\"heading.default\">\n\t\t\t\t<div class=\"elementor-widget-container\">\n\t\t\t\t\t<h2 class=\"elementor-heading-title elementor-size-default\">Cookies policy<\/h2>\t\t\t\t<\/div>\n\t\t\t\t<\/div>\n\t\t\t\t<div class=\"elementor-element elementor-element-1594113 elementor-widget elementor-widget-text-editor\" data-id=\"1594113\" data-element_type=\"widget\" data-widget_type=\"text-editor.default\">\n\t\t\t\t<div class=\"elementor-widget-container\">\n\t\t\t\t\t\t\t\t\t<p>Third-party and own cookies are used on this website to ensure that you have a better browsing experience, can share content on social networks and so that we can obtain user statistics.<\/p><p>You can prevent the downloading of cookies through your browser settings, preventing cookies from being stored on your device.<\/p><p>As the owner of this website, I inform you that we do not use any personal information from cookies, we only compile general visit statistics that do not involve any personal information.<br \/>It is very important that you read this cookie policy and understand that, if you continue browsing, we will consider that you accept its use.<\/p><p>According to the terms included in article 22.2 of Law 34\/2002 on Information Society Services and Electronic Commerce, if you continue browsing, you will be giving your consent to the use of the aforementioned mechanisms.<\/p>\t\t\t\t\t\t\t\t<\/div>\n\t\t\t\t<\/div>\n\t\t\t\t<div class=\"elementor-element elementor-element-c3442df elementor-widget elementor-widget-heading\" data-id=\"c3442df\" data-element_type=\"widget\" data-widget_type=\"heading.default\">\n\t\t\t\t<div class=\"elementor-widget-container\">\n\t\t\t\t\t<h2 class=\"elementor-heading-title elementor-size-default\">Responsible Entity<\/h2>\t\t\t\t<\/div>\n\t\t\t\t<\/div>\n\t\t\t\t<div class=\"elementor-element elementor-element-217567e elementor-widget elementor-widget-text-editor\" data-id=\"217567e\" data-element_type=\"widget\" data-widget_type=\"text-editor.default\">\n\t\t\t\t<div class=\"elementor-widget-container\">\n\t\t\t\t\t\t\t\t\tThe entity responsible for the collection, processing and use of your personal data, in the sense established by the Personal Data Protection Law, is the Fernando de Alba Arquitecto page, property of Fernando de Alba \u2013 Address: C. Fern\u00e1ndez Ballesteros, 4. 11009 Cadiz.\n\n\t\t\t\t\t\t\t\t<\/div>\n\t\t\t\t<\/div>\n\t\t\t\t<div class=\"elementor-element elementor-element-da2a947 elementor-widget elementor-widget-heading\" data-id=\"da2a947\" data-element_type=\"widget\" data-widget_type=\"heading.default\">\n\t\t\t\t<div class=\"elementor-widget-container\">\n\t\t\t\t\t<h2 class=\"elementor-heading-title elementor-size-default\">What are cookies?\n<\/h2>\t\t\t\t<\/div>\n\t\t\t\t<\/div>\n\t\t\t\t<div class=\"elementor-element elementor-element-fceec20 elementor-widget elementor-widget-text-editor\" data-id=\"fceec20\" data-element_type=\"widget\" data-widget_type=\"text-editor.default\">\n\t\t\t\t<div class=\"elementor-widget-container\">\n\t\t\t\t\t\t\t\t\tCookies are a set of data that a server deposits in the user&#039;s browser to collect standard Internet log information and visitor behavior information on a website. That is, these are small text files that are stored on the computer&#039;s hard drive and that serve to identify the user when they connect to the website again. Its objective is to record the user&#039;s visit and save certain information. Its use is common and frequent on the web as it allows pages to function more efficiently and achieve greater personalization and analysis of user behavior.\n\n\t\t\t\t\t\t\t\t<\/div>\n\t\t\t\t<\/div>\n\t\t\t\t<div class=\"elementor-element elementor-element-6389b68 elementor-widget elementor-widget-heading\" data-id=\"6389b68\" data-element_type=\"widget\" data-widget_type=\"heading.default\">\n\t\t\t\t<div class=\"elementor-widget-container\">\n\t\t\t\t\t<h2 class=\"elementor-heading-title elementor-size-default\">What types of cookies exist?\n<\/h2>\t\t\t\t<\/div>\n\t\t\t\t<\/div>\n\t\t\t\t<div class=\"elementor-element elementor-element-609ff9f elementor-widget elementor-widget-text-editor\" data-id=\"609ff9f\" data-element_type=\"widget\" data-widget_type=\"text-editor.default\">\n\t\t\t\t<div class=\"elementor-widget-container\">\n\t\t\t\t\t\t\t\t\t<p>The cookies used on our website are session and third-party cookies, and allow us to store and access information related to the language, the type of browser used, and other general characteristics predefined by the user, as well as follow and analyze the activity. that it carries out, with the aim of introducing improvements and providing our services in a more efficient and personalized way.<\/p><p>Cookies, depending on their permanence, can be divided into session or permanent cookies. Those that expire when the user closes the browser. Those that expire depending on when the purpose for which they serve is fulfilled (for example, so that the user remains identified in the Fernando de Alba services) or when they are manually deleted.<\/p><p>Name Type Expiration Purpose Class<br \/>__utma From Third Parties (Google Analytics) 2 years Used to distinguish users and sessions. Not Exempt<br \/>__utmb Third Party (Google Analytics) 30 minutes Used to determine new sessions or visits Not Exempt<br \/>__utmc Third Party (Google Analytics) At the end of the session Configured for use with Urchin Non-Exempt<br \/>__utmz Third Party (Google Analytics) 6 months Stores the origin or campaign that explains how the user reached the website Non-Exempt<\/p><p class=\"ng-binding\">Additionally, depending on their objective, cookies can be classified as follows:<\/p>\t\t\t\t\t\t\t\t<\/div>\n\t\t\t\t<\/div>\n\t\t\t\t<div class=\"elementor-element elementor-element-9e51f93 elementor-widget elementor-widget-heading\" data-id=\"9e51f93\" data-element_type=\"widget\" data-widget_type=\"heading.default\">\n\t\t\t\t<div class=\"elementor-widget-container\">\n\t\t\t\t\t<h2 class=\"elementor-heading-title elementor-size-default\">Performance cookies\n<\/h2>\t\t\t\t<\/div>\n\t\t\t\t<\/div>\n\t\t\t\t<div class=\"elementor-element elementor-element-93ef94d elementor-widget elementor-widget-text-editor\" data-id=\"93ef94d\" data-element_type=\"widget\" data-widget_type=\"text-editor.default\">\n\t\t\t\t<div class=\"elementor-widget-container\">\n\t\t\t\t\t\t\t\t\tThis type of Cookie remembers your preferences for the tools found on the services, so you do not have to reconfigure the service each time you visit. As an example, this typology includes: Volume adjustments for video or sound players. The video transmission speeds that are supported by your browser. The objects saved in the \u201cshopping cart\u201d in e-commerce services such as stores.\n\n\t\t\t\t\t\t\t\t<\/div>\n\t\t\t\t<\/div>\n\t\t\t\t<div class=\"elementor-element elementor-element-ec7883c elementor-widget elementor-widget-heading\" data-id=\"ec7883c\" data-element_type=\"widget\" data-widget_type=\"heading.default\">\n\t\t\t\t<div class=\"elementor-widget-container\">\n\t\t\t\t\t<h2 class=\"elementor-heading-title elementor-size-default\">Geo-location cookies\n<\/h2>\t\t\t\t<\/div>\n\t\t\t\t<\/div>\n\t\t\t\t<div class=\"elementor-element elementor-element-dc0b414 elementor-widget elementor-widget-text-editor\" data-id=\"dc0b414\" data-element_type=\"widget\" data-widget_type=\"text-editor.default\">\n\t\t\t\t<div class=\"elementor-widget-container\">\n\t\t\t\t\t\t\t\t\t<p>These cookies are used to find out which country you are in when you request a service. This cookie is completely anonymous, and is only used to help target content to your location.<\/p>\t\t\t\t\t\t\t\t<\/div>\n\t\t\t\t<\/div>\n\t\t\t\t<div class=\"elementor-element elementor-element-9106114 elementor-widget elementor-widget-heading\" data-id=\"9106114\" data-element_type=\"widget\" data-widget_type=\"heading.default\">\n\t\t\t\t<div class=\"elementor-widget-container\">\n\t\t\t\t\t<h2 class=\"elementor-heading-title elementor-size-default\">Registration cookies\n<\/h2>\t\t\t\t<\/div>\n\t\t\t\t<\/div>\n\t\t\t\t<div class=\"elementor-element elementor-element-dce3bf2 elementor-widget elementor-widget-text-editor\" data-id=\"dce3bf2\" data-element_type=\"widget\" data-widget_type=\"text-editor.default\">\n\t\t\t\t<div class=\"elementor-widget-container\">\n\t\t\t\t\t\t\t\t\t<p>Registration cookies are generated once the user has registered or subsequently opened their session, and are used to identify them in the services for the following purposes:<\/p><p>Keep the user identified so that, if they close a service, browser or computer and at another time or another day they re-enter said service, they will continue to be identified, thus facilitating their navigation without having to identify themselves again. This functionality can be deleted if the user clicks on the [logout] functionality, so this cookie is deleted and the next time the user enters the service they will have to log in to be identified.<\/p><p>Check if the user is authorized to access certain services, for example, to participate in a contest.<\/p><p>Additionally, some services may use connectors with social networks such as Facebook or Twitter. When the user registers for a service with credentials from a social network, they authorize the social network to save a persistent Cookie that remembers their identity and guarantees access to the services until it expires. The user can delete this Cookie and revoke access to the services through social networks by updating their preferences on the specific social network.<\/p>\t\t\t\t\t\t\t\t<\/div>\n\t\t\t\t<\/div>\n\t\t\t\t<div class=\"elementor-element elementor-element-52c8943 elementor-widget elementor-widget-heading\" data-id=\"52c8943\" data-element_type=\"widget\" data-widget_type=\"heading.default\">\n\t\t\t\t<div class=\"elementor-widget-container\">\n\t\t\t\t\t<h2 class=\"elementor-heading-title elementor-size-default\">Analytics cookies\n<\/h2>\t\t\t\t<\/div>\n\t\t\t\t<\/div>\n\t\t\t\t<div class=\"elementor-element elementor-element-dccd6ca elementor-widget elementor-widget-text-editor\" data-id=\"dccd6ca\" data-element_type=\"widget\" data-widget_type=\"text-editor.default\">\n\t\t\t\t<div class=\"elementor-widget-container\">\n\t\t\t\t\t\t\t\t\t<p>Every time a user visits a service, a tool from a third-party provider generates an analytical cookie on the user&#039;s computer. This cookie, which is only generated during the visit, will be used on future visits to the Fernando de Alba services to anonymously identify the visitor. The main objectives pursued are:<\/p><p>Allow the anonymous identification of browsing users through the cookie (it identifies browsers and devices, not people) and therefore the approximate accounting of the number of visitors and their trend over time.<br \/>Anonymously identify the most visited content and therefore most attractive to users. Know if the user who is accessing is new or repeating a visit.<\/p><p>Important: Unless the user decides to register for a Fernando de Alba service, the cookie will never be associated with any personal data that may identify them. These cookies will only be used for statistical purposes that help optimize the user experience on the site.<\/p>\t\t\t\t\t\t\t\t<\/div>\n\t\t\t\t<\/div>\n\t\t\t\t<div class=\"elementor-element elementor-element-4ddd258 elementor-widget elementor-widget-heading\" data-id=\"4ddd258\" data-element_type=\"widget\" data-widget_type=\"heading.default\">\n\t\t\t\t<div class=\"elementor-widget-container\">\n\t\t\t\t\t<h2 class=\"elementor-heading-title elementor-size-default\">Advertising cookies<\/h2>\t\t\t\t<\/div>\n\t\t\t\t<\/div>\n\t\t\t\t<div class=\"elementor-element elementor-element-7cf851d elementor-widget elementor-widget-text-editor\" data-id=\"7cf851d\" data-element_type=\"widget\" data-widget_type=\"text-editor.default\">\n\t\t\t\t<div class=\"elementor-widget-container\">\n\t\t\t\t\t\t\t\t\t<p>These types of cookies allow us to expand the information of the advertisements shown to each anonymous user in the Fernando de Alba services. Among others, the duration or frequency of viewing advertising positions, the interaction with them, or the user&#039;s browsing patterns and\/or behaviors are stored as they help create a profile of advertising interest. In this way, they allow us to offer advertising related to the user&#039;s interests.<\/p>\t\t\t\t\t\t\t\t<\/div>\n\t\t\t\t<\/div>\n\t\t\t\t<div class=\"elementor-element elementor-element-5cd958d elementor-widget elementor-widget-heading\" data-id=\"5cd958d\" data-element_type=\"widget\" data-widget_type=\"heading.default\">\n\t\t\t\t<div class=\"elementor-widget-container\">\n\t\t\t\t\t<h2 class=\"elementor-heading-title elementor-size-default\">Third party advertising cookies\n<\/h2>\t\t\t\t<\/div>\n\t\t\t\t<\/div>\n\t\t\t\t<div class=\"elementor-element elementor-element-e871d79 elementor-widget elementor-widget-text-editor\" data-id=\"e871d79\" data-element_type=\"widget\" data-widget_type=\"text-editor.default\">\n\t\t\t\t<div class=\"elementor-widget-container\">\n\t\t\t\t\t\t\t\t\t<p>In addition to the advertising managed by the Fernando de Alba websites in their services, the Fernando de Alba websites offer their advertisers the option of serving advertisements through third parties (\u201cAd-Servers\u201d). In this way, these third parties can store cookies sent from Fernando de Alba services from users&#039; browsers, as well as access the data stored therein.<\/p><p>The companies that generate these cookies have their own privacy policies. Currently, Fernando de Alba&#039;s websites use the Doubleclick (Google) platform to manage these services. For more information, go<\/p><p>http:\/\/www.google.es\/policies\/privacy\/ads\/#toc-doubleclick and http:\/\/www.google.es\/policies\/privacy\/ads\/.<\/p>\t\t\t\t\t\t\t\t<\/div>\n\t\t\t\t<\/div>\n\t\t\t\t<div class=\"elementor-element elementor-element-b4461c0 elementor-widget elementor-widget-heading\" data-id=\"b4461c0\" data-element_type=\"widget\" data-widget_type=\"heading.default\">\n\t\t\t\t<div class=\"elementor-widget-container\">\n\t\t\t\t\t<h2 class=\"elementor-heading-title elementor-size-default\">How can I disable cookies in my browser?\n<\/h2>\t\t\t\t<\/div>\n\t\t\t\t<\/div>\n\t\t\t\t<div class=\"elementor-element elementor-element-65ee487 elementor-widget elementor-widget-text-editor\" data-id=\"65ee487\" data-element_type=\"widget\" data-widget_type=\"text-editor.default\">\n\t\t\t\t<div class=\"elementor-widget-container\">\n\t\t\t\t\t\t\t\t\t<p>Different browsers can be configured to notify the user of the receipt of cookies and, if desired, prevent their installation on the computer. Likewise, the user can check in their browser what cookies they have installed and what their expiration period is, and can delete them.<\/p><p>For more information, consult the instructions and manuals for your browser:<\/p><p>For more information about managing cookies in Google Chrome: https:\/\/support.google.com\/chrome\/answer\/95647?hl=es<\/p><p>For more information about managing cookies in Internet Explorer: http:\/\/windows.microsoft.com\/es-es\/windows-vista\/cookies-frequently-asked-questions<\/p><p>For more information about managing cookies in Mozilla Firefox: http:\/\/support.mozilla.org\/es\/kb\/habilitar-y-deshabilitar-cookies-que-los-sitios-we<\/p><p>For more information about managing cookies in Safari: http:\/\/www.apple.com\/es\/privacy\/use-of-cookies\/<\/p><p>For more information about managing cookies in Opera: http:\/\/help.opera.com\/Windows\/11.50\/es-ES\/cookies.html<\/p><p>If you wish to stop being tracked by Google Analytics visit: http:\/\/tools.google.com\/dlpage\/gaoptout<\/p>\t\t\t\t\t\t\t\t<\/div>\n\t\t\t\t<\/div>\n\t\t\t\t<div class=\"elementor-element elementor-element-90197e8 elementor-widget elementor-widget-heading\" data-id=\"90197e8\" data-element_type=\"widget\" data-widget_type=\"heading.default\">\n\t\t\t\t<div class=\"elementor-widget-container\">\n\t\t\t\t\t<h2 class=\"elementor-heading-title elementor-size-default\">To learn more about cookies\n<\/h2>\t\t\t\t<\/div>\n\t\t\t\t<\/div>\n\t\t\t\t<div class=\"elementor-element elementor-element-106987c elementor-widget elementor-widget-text-editor\" data-id=\"106987c\" data-element_type=\"widget\" data-widget_type=\"text-editor.default\">\n\t\t\t\t<div class=\"elementor-widget-container\">\n\t\t\t\t\t\t\t\t\t<p>You can obtain more information about online advertising based on behavior and online privacy at the following link: http:\/\/www.youronlinechoices.com\/es\/<\/p><p>Google Analytics data protection: http:\/\/www.google.com\/analytics\/learn\/privacy.html<\/p><p>How Google Analytics uses cookies: https:\/\/developers.google.com\/analytics\/devguides\/collection\/analyticsjs\/cookie-usage?hl=es#analyticsjs<\/p>\t\t\t\t\t\t\t\t<\/div>\n\t\t\t\t<\/div>\n\t\t\t\t<div class=\"elementor-element elementor-element-29e45d5 elementor-widget elementor-widget-heading\" data-id=\"29e45d5\" data-element_type=\"widget\" data-widget_type=\"heading.default\">\n\t\t\t\t<div class=\"elementor-widget-container\">\n\t\t\t\t\t<h2 class=\"elementor-heading-title elementor-size-default\">Updates and changes in the privacy policy \/ cookies<\/h2>\t\t\t\t<\/div>\n\t\t\t\t<\/div>\n\t\t\t\t<div class=\"elementor-element elementor-element-b68a371 elementor-widget elementor-widget-text-editor\" data-id=\"b68a371\" data-element_type=\"widget\" data-widget_type=\"text-editor.default\">\n\t\t\t\t<div class=\"elementor-widget-container\">\n\t\t\t\t\t\t\t\t\t<p>The Fernando de Alba websites may modify this Cookies Policy based on legislative or regulatory requirements, or with the purpose of adapting said policy to the instructions issued by the Spanish Data Protection Agency, therefore users are advised to visit periodically.<\/p><p>When significant changes occur in this Cookies Policy, these will be communicated to users either through the website or via email to registered users.<\/p>\t\t\t\t\t\t\t\t<\/div>\n\t\t\t\t<\/div>\n\t\t\t\t\t<\/div>\n\t\t\t\t<\/div>\n\t\t\t\t<\/div>","protected":false},"excerpt":{"rendered":"<p>Cookie policy On this website, third-party and own cookies are used to ensure that you have a better browsing experience, can share content on social networks and so that we can obtain user statistics. You can prevent the download of cookies through your browser settings, preventing cookies from [\u2026]<\/p>","protected":false},"author":1,"featured_media":0,"parent":0,"menu_order":0,"comment_status":"closed","ping_status":"closed","template":"","meta":{"footnotes":""},"class_list":["post-59","page","type-page","status-publish","hentry"],"yoast_head":"<!-- This site is optimized with the Yoast SEO plugin v25.3.1 - https:\/\/yoast.com\/wordpress\/plugins\/seo\/ -->\n<title>Pol\u00edtica de cookies - Fernando De Alba Arquitecto<\/title>\n<meta name=\"robots\" content=\"noindex, nofollow\" \/>\n<meta property=\"og:locale\" content=\"en_GB\" \/>\n<meta property=\"og:type\" content=\"article\" \/>\n<meta property=\"og:title\" content=\"Pol\u00edtica de cookies - Fernando De Alba Arquitecto\" \/>\n<meta property=\"og:description\" content=\"Pol\u00edtica de cookies En esta web se utilizan cookies de terceros y propias para conseguir que tengas una mejor experiencia de navegaci\u00f3n, puedas compartir contenido en redes sociales y para que podamos obtener estad\u00edsticas de los usuarios. Puedes evitar la descarga de cookies a trav\u00e9s de la configuraci\u00f3n de tu navegador, evitando que las cookies [&hellip;]\" \/>\n<meta property=\"og:url\" content=\"https:\/\/fernandodealbaarquitecto.com\/en\/politica-cookies\/\" \/>\n<meta property=\"og:site_name\" content=\"Fernando De Alba Arquitecto\" \/>\n<meta property=\"article:modified_time\" content=\"2023-11-20T08:54:55+00:00\" \/>\n<meta name=\"twitter:card\" content=\"summary_large_image\" \/>\n<meta name=\"twitter:label1\" content=\"Estimated reading time\" \/>\n\t<meta name=\"twitter:data1\" content=\"7 minutes\" \/>\n<script type=\"application\/ld+json\" class=\"yoast-schema-graph\">{\"@context\":\"https:\/\/schema.org\",\"@graph\":[{\"@type\":\"WebPage\",\"@id\":\"https:\/\/fernandodealbaarquitecto.com\/politica-cookies\/\",\"url\":\"https:\/\/fernandodealbaarquitecto.com\/politica-cookies\/\",\"name\":\"Pol\u00edtica de cookies - Fernando De Alba Arquitecto\",\"isPartOf\":{\"@id\":\"https:\/\/fernandodealbaarquitecto.com\/#website\"},\"datePublished\":\"2023-08-29T08:19:07+00:00\",\"dateModified\":\"2023-11-20T08:54:55+00:00\",\"breadcrumb\":{\"@id\":\"https:\/\/fernandodealbaarquitecto.com\/politica-cookies\/#breadcrumb\"},\"inLanguage\":\"en-GB\",\"potentialAction\":[{\"@type\":\"ReadAction\",\"target\":[\"https:\/\/fernandodealbaarquitecto.com\/politica-cookies\/\"]}]},{\"@type\":\"BreadcrumbList\",\"@id\":\"https:\/\/fernandodealbaarquitecto.com\/politica-cookies\/#breadcrumb\",\"itemListElement\":[{\"@type\":\"ListItem\",\"position\":1,\"name\":\"Portada\",\"item\":\"https:\/\/fernandodealbaarquitecto.com\/\"},{\"@type\":\"ListItem\",\"position\":2,\"name\":\"Pol\u00edtica de cookies\"}]},{\"@type\":\"WebSite\",\"@id\":\"https:\/\/fernandodealbaarquitecto.com\/#website\",\"url\":\"https:\/\/fernandodealbaarquitecto.com\/\",\"name\":\"Fernando De Alba Arquitecto\",\"description\":\"\",\"publisher\":{\"@id\":\"https:\/\/fernandodealbaarquitecto.com\/#\/schema\/person\/8c4973405a7c7ecb5efca7ea5bc4a4c3\"},\"potentialAction\":[{\"@type\":\"SearchAction\",\"target\":{\"@type\":\"EntryPoint\",\"urlTemplate\":\"https:\/\/fernandodealbaarquitecto.com\/?s={search_term_string}\"},\"query-input\":{\"@type\":\"PropertyValueSpecification\",\"valueRequired\":true,\"valueName\":\"search_term_string\"}}],\"inLanguage\":\"en-GB\"},{\"@type\":[\"Person\",\"Organization\"],\"@id\":\"https:\/\/fernandodealbaarquitecto.com\/#\/schema\/person\/8c4973405a7c7ecb5efca7ea5bc4a4c3\",\"name\":\"Fernando De Alba\",\"image\":{\"@type\":\"ImageObject\",\"inLanguage\":\"en-GB\",\"@id\":\"https:\/\/fernandodealbaarquitecto.com\/#\/schema\/person\/image\/\",\"url\":\"https:\/\/fernandodealbaarquitecto.com\/wp-content\/uploads\/2023\/08\/fernando-de-alba-logo.svg\",\"contentUrl\":\"https:\/\/fernandodealbaarquitecto.com\/wp-content\/uploads\/2023\/08\/fernando-de-alba-logo.svg\",\"width\":190,\"height\":32,\"caption\":\"Fernando De Alba\"},\"logo\":{\"@id\":\"https:\/\/fernandodealbaarquitecto.com\/#\/schema\/person\/image\/\"},\"description\":\"Arquitecto e interiorista en C\u00e1diz\",\"sameAs\":[\"https:\/\/www.instagram.com\/dealba_fernando\/\",\"https:\/\/www.linkedin.com\/in\/fernandodealba\/\"]}]}<\/script>\n<!-- \/ Yoast SEO plugin. -->","yoast_head_json":{"title":"Pol\u00edtica de cookies - Fernando De Alba Arquitecto","robots":{"index":"noindex","follow":"nofollow"},"og_locale":"en_GB","og_type":"article","og_title":"Pol\u00edtica de cookies - Fernando De Alba Arquitecto","og_description":"Pol\u00edtica de cookies En esta web se utilizan cookies de terceros y propias para conseguir que tengas una mejor experiencia de navegaci\u00f3n, puedas compartir contenido en redes sociales y para que podamos obtener estad\u00edsticas de los usuarios. Puedes evitar la descarga de cookies a trav\u00e9s de la configuraci\u00f3n de tu navegador, evitando que las cookies [&hellip;]","og_url":"https:\/\/fernandodealbaarquitecto.com\/en\/politica-cookies\/","og_site_name":"Fernando De Alba Arquitecto","article_modified_time":"2023-11-20T08:54:55+00:00","twitter_card":"summary_large_image","twitter_misc":{"Estimated reading time":"7 minutes"},"schema":{"@context":"https:\/\/schema.org","@graph":[{"@type":"WebPage","@id":"https:\/\/fernandodealbaarquitecto.com\/politica-cookies\/","url":"https:\/\/fernandodealbaarquitecto.com\/politica-cookies\/","name":"Pol\u00edtica de cookies - Fernando De Alba Arquitecto","isPartOf":{"@id":"https:\/\/fernandodealbaarquitecto.com\/#website"},"datePublished":"2023-08-29T08:19:07+00:00","dateModified":"2023-11-20T08:54:55+00:00","breadcrumb":{"@id":"https:\/\/fernandodealbaarquitecto.com\/politica-cookies\/#breadcrumb"},"inLanguage":"en-GB","potentialAction":[{"@type":"ReadAction","target":["https:\/\/fernandodealbaarquitecto.com\/politica-cookies\/"]}]},{"@type":"BreadcrumbList","@id":"https:\/\/fernandodealbaarquitecto.com\/politica-cookies\/#breadcrumb","itemListElement":[{"@type":"ListItem","position":1,"name":"Portada","item":"https:\/\/fernandodealbaarquitecto.com\/"},{"@type":"ListItem","position":2,"name":"Pol\u00edtica de cookies"}]},{"@type":"WebSite","@id":"https:\/\/fernandodealbaarquitecto.com\/#website","url":"https:\/\/fernandodealbaarquitecto.com\/","name":"Fernando De Alba Arquitecto","description":"","publisher":{"@id":"https:\/\/fernandodealbaarquitecto.com\/#\/schema\/person\/8c4973405a7c7ecb5efca7ea5bc4a4c3"},"potentialAction":[{"@type":"SearchAction","target":{"@type":"EntryPoint","urlTemplate":"https:\/\/fernandodealbaarquitecto.com\/?s={search_term_string}"},"query-input":{"@type":"PropertyValueSpecification","valueRequired":true,"valueName":"search_term_string"}}],"inLanguage":"en-GB"},{"@type":["Person","Organization"],"@id":"https:\/\/fernandodealbaarquitecto.com\/#\/schema\/person\/8c4973405a7c7ecb5efca7ea5bc4a4c3","name":"Fernando De Alba","image":{"@type":"ImageObject","inLanguage":"en-GB","@id":"https:\/\/fernandodealbaarquitecto.com\/#\/schema\/person\/image\/","url":"https:\/\/fernandodealbaarquitecto.com\/wp-content\/uploads\/2023\/08\/fernando-de-alba-logo.svg","contentUrl":"https:\/\/fernandodealbaarquitecto.com\/wp-content\/uploads\/2023\/08\/fernando-de-alba-logo.svg","width":190,"height":32,"caption":"Fernando De Alba"},"logo":{"@id":"https:\/\/fernandodealbaarquitecto.com\/#\/schema\/person\/image\/"},"description":"Arquitecto e interiorista en C\u00e1diz","sameAs":["https:\/\/www.instagram.com\/dealba_fernando\/","https:\/\/www.linkedin.com\/in\/fernandodealba\/"]}]}},"_links":{"self":[{"href":"https:\/\/fernandodealbaarquitecto.com\/en\/wp-json\/wp\/v2\/pages\/59","targetHints":{"allow":["GET"]}}],"collection":[{"href":"https:\/\/fernandodealbaarquitecto.com\/en\/wp-json\/wp\/v2\/pages"}],"about":[{"href":"https:\/\/fernandodealbaarquitecto.com\/en\/wp-json\/wp\/v2\/types\/page"}],"author":[{"embeddable":true,"href":"https:\/\/fernandodealbaarquitecto.com\/en\/wp-json\/wp\/v2\/users\/1"}],"replies":[{"embeddable":true,"href":"https:\/\/fernandodealbaarquitecto.com\/en\/wp-json\/wp\/v2\/comments?post=59"}],"version-history":[{"count":11,"href":"https:\/\/fernandodealbaarquitecto.com\/en\/wp-json\/wp\/v2\/pages\/59\/revisions"}],"predecessor-version":[{"id":579,"href":"https:\/\/fernandodealbaarquitecto.com\/en\/wp-json\/wp\/v2\/pages\/59\/revisions\/579"}],"wp:attachment":[{"href":"https:\/\/fernandodealbaarquitecto.com\/en\/wp-json\/wp\/v2\/media?parent=59"}],"curies":[{"name":"wp","href":"https:\/\/api.w.org\/{rel}","templated":true}]}}