{"id":51,"date":"2023-08-29T10:17:59","date_gmt":"2023-08-29T08:17:59","guid":{"rendered":"https:\/\/www.fernandodealbaarquitecto.com\/?page_id=51"},"modified":"2023-11-08T19:08:19","modified_gmt":"2023-11-08T17:08:19","slug":"contacto","status":"publish","type":"page","link":"https:\/\/fernandodealbaarquitecto.com\/en\/contacto\/","title":{"rendered":"Contact"},"content":{"rendered":"<div data-elementor-type=\"wp-page\" data-elementor-id=\"51\" class=\"elementor elementor-51\" data-elementor-post-type=\"page\">\n\t\t\t\t<div class=\"elementor-element elementor-element-3530270 e-flex e-con-boxed e-con e-parent\" data-id=\"3530270\" data-element_type=\"container\">\n\t\t\t\t\t<div class=\"e-con-inner\">\n\t\t<div class=\"elementor-element elementor-element-e4f26c2 e-con-full e-flex e-con e-child\" data-id=\"e4f26c2\" data-element_type=\"container\">\n\t\t\t\t<div class=\"elementor-element elementor-element-619234c elementor-widget__width-initial elementor-widget elementor-widget-heading\" data-id=\"619234c\" data-element_type=\"widget\" data-widget_type=\"heading.default\">\n\t\t\t\t<div class=\"elementor-widget-container\">\n\t\t\t\t\t<h1 class=\"elementor-heading-title elementor-size-default\">Tell me<br>\nwhat do you need<\/h1>\t\t\t\t<\/div>\n\t\t\t\t<\/div>\n\t\t\t\t<\/div>\n\t\t<div class=\"elementor-element elementor-element-26a037e e-con-full e-flex e-con e-child\" data-id=\"26a037e\" data-element_type=\"container\">\n\t\t\t\t<div class=\"elementor-element elementor-element-0d14bbf elementor-widget elementor-widget-heading\" data-id=\"0d14bbf\" data-element_type=\"widget\" data-widget_type=\"heading.default\">\n\t\t\t\t<div class=\"elementor-widget-container\">\n\t\t\t\t\t<h2 class=\"elementor-heading-title elementor-size-default\">I&#039;m Fernando<\/h2>\t\t\t\t<\/div>\n\t\t\t\t<\/div>\n\t\t\t\t<div class=\"elementor-element elementor-element-040efe0 elementor-widget elementor-widget-text-editor\" data-id=\"040efe0\" data-element_type=\"widget\" data-widget_type=\"text-editor.default\">\n\t\t\t\t<div class=\"elementor-widget-container\">\n\t\t\t\t\t\t\t\t\t<p>If you have a project and would like us to work together, write me an email to: <a href=\"mailto:hola@fernandodealbaarquitecto.com\">hola@fernandodealbaarquitecto.com<\/a>, and we will talk in depth about how to build the space you want.\u00a0<\/p>\t\t\t\t\t\t\t\t<\/div>\n\t\t\t\t<\/div>\n\t\t\t\t<div class=\"elementor-element elementor-element-9e8b1c9 elementor-align-justify elementor-widget__width-initial elementor-widget elementor-widget-button\" data-id=\"9e8b1c9\" data-element_type=\"widget\" data-widget_type=\"button.default\">\n\t\t\t\t<div class=\"elementor-widget-container\">\n\t\t\t\t\t\t\t\t\t<div class=\"elementor-button-wrapper\">\n\t\t\t\t\t<a class=\"elementor-button elementor-button-link elementor-size-sm\" href=\"mailto:hola@fernandodealbaarquitecto.com\">\n\t\t\t\t\t\t<span class=\"elementor-button-content-wrapper\">\n\t\t\t\t\t\t\t\t\t<span class=\"elementor-button-text\">Mail me<\/span>\n\t\t\t\t\t<\/span>\n\t\t\t\t\t<\/a>\n\t\t\t\t<\/div>\n\t\t\t\t\t\t\t\t<\/div>\n\t\t\t\t<\/div>\n\t\t\t\t<div class=\"elementor-element elementor-element-24add92 elementor-widget elementor-widget-image\" data-id=\"24add92\" data-element_type=\"widget\" data-widget_type=\"image.default\">\n\t\t\t\t<div class=\"elementor-widget-container\">\n\t\t\t\t\t\t\t\t\t\t\t\t\t\t\t<img fetchpriority=\"high\" decoding=\"async\" width=\"762\" height=\"762\" src=\"https:\/\/fernandodealbaarquitecto.com\/wp-content\/uploads\/2023\/09\/fernando-de-alba.webp\" class=\"attachment-full size-full wp-image-100\" alt=\"Fernando de Alba arquitecto en C\u00e1diz\" srcset=\"https:\/\/fernandodealbaarquitecto.com\/wp-content\/uploads\/2023\/09\/fernando-de-alba.webp 762w, https:\/\/fernandodealbaarquitecto.com\/wp-content\/uploads\/2023\/09\/fernando-de-alba-300x300.webp 300w, https:\/\/fernandodealbaarquitecto.com\/wp-content\/uploads\/2023\/09\/fernando-de-alba-150x150.webp 150w\" sizes=\"(max-width: 762px) 100vw, 762px\" \/>\t\t\t\t\t\t\t\t\t\t\t\t\t\t\t<\/div>\n\t\t\t\t<\/div>\n\t\t\t\t<div class=\"elementor-element elementor-element-9168d0f elementor-widget elementor-widget-text-editor\" data-id=\"9168d0f\" data-element_type=\"widget\" data-widget_type=\"text-editor.default\">\n\t\t\t\t<div class=\"elementor-widget-container\">\n\t\t\t\t\t\t\t\t\t<p>We will create that space where you feel calm<\/p>\t\t\t\t\t\t\t\t<\/div>\n\t\t\t\t<\/div>\n\t\t\t\t<\/div>\n\t\t\t\t\t<\/div>\n\t\t\t\t<\/div>\n\t\t\t\t<\/div>","protected":false},"excerpt":{"rendered":"<p>Tell me what you need I&#039;m Fernando If you have a project and you would like us to work together, write me an email to: hola@fernandodealbaarquitecto.com, and we will talk in depth about how to build the space you want. Write to me We will create that space in which you feel calm<\/p>","protected":false},"author":1,"featured_media":0,"parent":0,"menu_order":0,"comment_status":"closed","ping_status":"closed","template":"","meta":{"footnotes":""},"class_list":["post-51","page","type-page","status-publish","hentry"],"yoast_head":"<!-- This site is optimized with the Yoast SEO plugin v25.3.1 - https:\/\/yoast.com\/wordpress\/plugins\/seo\/ -->\n<title>Contacto - Fernando De Alba Arquitecto<\/title>\n<meta name=\"description\" content=\"Si tienes un proyecto y te gustar\u00eda que trabaj\u00e1ramos juntos, escr\u00edbeme un mail a: hola@fernandodealbaarquitecto.com.\" \/>\n<meta name=\"robots\" content=\"index, follow, max-snippet:-1, max-image-preview:large, max-video-preview:-1\" \/>\n<link rel=\"canonical\" href=\"https:\/\/fernandodealbaarquitecto.com\/en\/contacto\/\" \/>\n<meta property=\"og:locale\" content=\"en_GB\" \/>\n<meta property=\"og:type\" content=\"article\" \/>\n<meta property=\"og:title\" content=\"Contacto - Fernando De Alba Arquitecto\" \/>\n<meta property=\"og:description\" content=\"Si tienes un proyecto y te gustar\u00eda que trabaj\u00e1ramos juntos, escr\u00edbeme un mail a: hola@fernandodealbaarquitecto.com.\" \/>\n<meta property=\"og:url\" content=\"https:\/\/fernandodealbaarquitecto.com\/en\/contacto\/\" \/>\n<meta property=\"og:site_name\" content=\"Fernando De Alba Arquitecto\" \/>\n<meta property=\"article:modified_time\" content=\"2023-11-08T17:08:19+00:00\" \/>\n<meta property=\"og:image\" content=\"https:\/\/fernandodealbaarquitecto.com\/wp-content\/uploads\/2023\/09\/fernando-de-alba.webp\" \/>\n<meta name=\"twitter:card\" content=\"summary_large_image\" \/>\n<meta name=\"twitter:label1\" content=\"Estimated reading time\" \/>\n\t<meta name=\"twitter:data1\" content=\"1 minute\" \/>\n<script type=\"application\/ld+json\" class=\"yoast-schema-graph\">{\"@context\":\"https:\/\/schema.org\",\"@graph\":[{\"@type\":\"WebPage\",\"@id\":\"https:\/\/fernandodealbaarquitecto.com\/contacto\/\",\"url\":\"https:\/\/fernandodealbaarquitecto.com\/contacto\/\",\"name\":\"Contacto - Fernando De Alba Arquitecto\",\"isPartOf\":{\"@id\":\"https:\/\/fernandodealbaarquitecto.com\/#website\"},\"primaryImageOfPage\":{\"@id\":\"https:\/\/fernandodealbaarquitecto.com\/contacto\/#primaryimage\"},\"image\":{\"@id\":\"https:\/\/fernandodealbaarquitecto.com\/contacto\/#primaryimage\"},\"thumbnailUrl\":\"https:\/\/fernandodealbaarquitecto.com\/wp-content\/uploads\/2023\/09\/fernando-de-alba.webp\",\"datePublished\":\"2023-08-29T08:17:59+00:00\",\"dateModified\":\"2023-11-08T17:08:19+00:00\",\"description\":\"Si tienes un proyecto y te gustar\u00eda que trabaj\u00e1ramos juntos, escr\u00edbeme un mail a: hola@fernandodealbaarquitecto.com.\",\"breadcrumb\":{\"@id\":\"https:\/\/fernandodealbaarquitecto.com\/contacto\/#breadcrumb\"},\"inLanguage\":\"en-GB\",\"potentialAction\":[{\"@type\":\"ReadAction\",\"target\":[\"https:\/\/fernandodealbaarquitecto.com\/contacto\/\"]}]},{\"@type\":\"ImageObject\",\"inLanguage\":\"en-GB\",\"@id\":\"https:\/\/fernandodealbaarquitecto.com\/contacto\/#primaryimage\",\"url\":\"https:\/\/fernandodealbaarquitecto.com\/wp-content\/uploads\/2023\/09\/fernando-de-alba.webp\",\"contentUrl\":\"https:\/\/fernandodealbaarquitecto.com\/wp-content\/uploads\/2023\/09\/fernando-de-alba.webp\"},{\"@type\":\"BreadcrumbList\",\"@id\":\"https:\/\/fernandodealbaarquitecto.com\/contacto\/#breadcrumb\",\"itemListElement\":[{\"@type\":\"ListItem\",\"position\":1,\"name\":\"Portada\",\"item\":\"https:\/\/fernandodealbaarquitecto.com\/\"},{\"@type\":\"ListItem\",\"position\":2,\"name\":\"Contacto\"}]},{\"@type\":\"WebSite\",\"@id\":\"https:\/\/fernandodealbaarquitecto.com\/#website\",\"url\":\"https:\/\/fernandodealbaarquitecto.com\/\",\"name\":\"Fernando De Alba Arquitecto\",\"description\":\"\",\"publisher\":{\"@id\":\"https:\/\/fernandodealbaarquitecto.com\/#\/schema\/person\/8c4973405a7c7ecb5efca7ea5bc4a4c3\"},\"potentialAction\":[{\"@type\":\"SearchAction\",\"target\":{\"@type\":\"EntryPoint\",\"urlTemplate\":\"https:\/\/fernandodealbaarquitecto.com\/?s={search_term_string}\"},\"query-input\":{\"@type\":\"PropertyValueSpecification\",\"valueRequired\":true,\"valueName\":\"search_term_string\"}}],\"inLanguage\":\"en-GB\"},{\"@type\":[\"Person\",\"Organization\"],\"@id\":\"https:\/\/fernandodealbaarquitecto.com\/#\/schema\/person\/8c4973405a7c7ecb5efca7ea5bc4a4c3\",\"name\":\"Fernando De Alba\",\"image\":{\"@type\":\"ImageObject\",\"inLanguage\":\"en-GB\",\"@id\":\"https:\/\/fernandodealbaarquitecto.com\/#\/schema\/person\/image\/\",\"url\":\"https:\/\/fernandodealbaarquitecto.com\/wp-content\/uploads\/2023\/08\/fernando-de-alba-logo.svg\",\"contentUrl\":\"https:\/\/fernandodealbaarquitecto.com\/wp-content\/uploads\/2023\/08\/fernando-de-alba-logo.svg\",\"width\":190,\"height\":32,\"caption\":\"Fernando De Alba\"},\"logo\":{\"@id\":\"https:\/\/fernandodealbaarquitecto.com\/#\/schema\/person\/image\/\"},\"description\":\"Arquitecto e interiorista en C\u00e1diz\",\"sameAs\":[\"https:\/\/www.instagram.com\/dealba_fernando\/\",\"https:\/\/www.linkedin.com\/in\/fernandodealba\/\"]}]}<\/script>\n<!-- \/ Yoast SEO plugin. -->","yoast_head_json":{"title":"Contacto - Fernando De Alba Arquitecto","description":"Si tienes un proyecto y te gustar\u00eda que trabaj\u00e1ramos juntos, escr\u00edbeme un mail a: hola@fernandodealbaarquitecto.com.","robots":{"index":"index","follow":"follow","max-snippet":"max-snippet:-1","max-image-preview":"max-image-preview:large","max-video-preview":"max-video-preview:-1"},"canonical":"https:\/\/fernandodealbaarquitecto.com\/en\/contacto\/","og_locale":"en_GB","og_type":"article","og_title":"Contacto - Fernando De Alba Arquitecto","og_description":"Si tienes un proyecto y te gustar\u00eda que trabaj\u00e1ramos juntos, escr\u00edbeme un mail a: hola@fernandodealbaarquitecto.com.","og_url":"https:\/\/fernandodealbaarquitecto.com\/en\/contacto\/","og_site_name":"Fernando De Alba Arquitecto","article_modified_time":"2023-11-08T17:08:19+00:00","og_image":[{"url":"https:\/\/fernandodealbaarquitecto.com\/wp-content\/uploads\/2023\/09\/fernando-de-alba.webp","type":"","width":"","height":""}],"twitter_card":"summary_large_image","twitter_misc":{"Estimated reading time":"1 minute"},"schema":{"@context":"https:\/\/schema.org","@graph":[{"@type":"WebPage","@id":"https:\/\/fernandodealbaarquitecto.com\/contacto\/","url":"https:\/\/fernandodealbaarquitecto.com\/contacto\/","name":"Contacto - Fernando De Alba Arquitecto","isPartOf":{"@id":"https:\/\/fernandodealbaarquitecto.com\/#website"},"primaryImageOfPage":{"@id":"https:\/\/fernandodealbaarquitecto.com\/contacto\/#primaryimage"},"image":{"@id":"https:\/\/fernandodealbaarquitecto.com\/contacto\/#primaryimage"},"thumbnailUrl":"https:\/\/fernandodealbaarquitecto.com\/wp-content\/uploads\/2023\/09\/fernando-de-alba.webp","datePublished":"2023-08-29T08:17:59+00:00","dateModified":"2023-11-08T17:08:19+00:00","description":"Si tienes un proyecto y te gustar\u00eda que trabaj\u00e1ramos juntos, escr\u00edbeme un mail a: hola@fernandodealbaarquitecto.com.","breadcrumb":{"@id":"https:\/\/fernandodealbaarquitecto.com\/contacto\/#breadcrumb"},"inLanguage":"en-GB","potentialAction":[{"@type":"ReadAction","target":["https:\/\/fernandodealbaarquitecto.com\/contacto\/"]}]},{"@type":"ImageObject","inLanguage":"en-GB","@id":"https:\/\/fernandodealbaarquitecto.com\/contacto\/#primaryimage","url":"https:\/\/fernandodealbaarquitecto.com\/wp-content\/uploads\/2023\/09\/fernando-de-alba.webp","contentUrl":"https:\/\/fernandodealbaarquitecto.com\/wp-content\/uploads\/2023\/09\/fernando-de-alba.webp"},{"@type":"BreadcrumbList","@id":"https:\/\/fernandodealbaarquitecto.com\/contacto\/#breadcrumb","itemListElement":[{"@type":"ListItem","position":1,"name":"Portada","item":"https:\/\/fernandodealbaarquitecto.com\/"},{"@type":"ListItem","position":2,"name":"Contacto"}]},{"@type":"WebSite","@id":"https:\/\/fernandodealbaarquitecto.com\/#website","url":"https:\/\/fernandodealbaarquitecto.com\/","name":"Fernando De Alba Arquitecto","description":"","publisher":{"@id":"https:\/\/fernandodealbaarquitecto.com\/#\/schema\/person\/8c4973405a7c7ecb5efca7ea5bc4a4c3"},"potentialAction":[{"@type":"SearchAction","target":{"@type":"EntryPoint","urlTemplate":"https:\/\/fernandodealbaarquitecto.com\/?s={search_term_string}"},"query-input":{"@type":"PropertyValueSpecification","valueRequired":true,"valueName":"search_term_string"}}],"inLanguage":"en-GB"},{"@type":["Person","Organization"],"@id":"https:\/\/fernandodealbaarquitecto.com\/#\/schema\/person\/8c4973405a7c7ecb5efca7ea5bc4a4c3","name":"Fernando De Alba","image":{"@type":"ImageObject","inLanguage":"en-GB","@id":"https:\/\/fernandodealbaarquitecto.com\/#\/schema\/person\/image\/","url":"https:\/\/fernandodealbaarquitecto.com\/wp-content\/uploads\/2023\/08\/fernando-de-alba-logo.svg","contentUrl":"https:\/\/fernandodealbaarquitecto.com\/wp-content\/uploads\/2023\/08\/fernando-de-alba-logo.svg","width":190,"height":32,"caption":"Fernando De Alba"},"logo":{"@id":"https:\/\/fernandodealbaarquitecto.com\/#\/schema\/person\/image\/"},"description":"Arquitecto e interiorista en C\u00e1diz","sameAs":["https:\/\/www.instagram.com\/dealba_fernando\/","https:\/\/www.linkedin.com\/in\/fernandodealba\/"]}]}},"_links":{"self":[{"href":"https:\/\/fernandodealbaarquitecto.com\/en\/wp-json\/wp\/v2\/pages\/51","targetHints":{"allow":["GET"]}}],"collection":[{"href":"https:\/\/fernandodealbaarquitecto.com\/en\/wp-json\/wp\/v2\/pages"}],"about":[{"href":"https:\/\/fernandodealbaarquitecto.com\/en\/wp-json\/wp\/v2\/types\/page"}],"author":[{"embeddable":true,"href":"https:\/\/fernandodealbaarquitecto.com\/en\/wp-json\/wp\/v2\/users\/1"}],"replies":[{"embeddable":true,"href":"https:\/\/fernandodealbaarquitecto.com\/en\/wp-json\/wp\/v2\/comments?post=51"}],"version-history":[{"count":35,"href":"https:\/\/fernandodealbaarquitecto.com\/en\/wp-json\/wp\/v2\/pages\/51\/revisions"}],"predecessor-version":[{"id":559,"href":"https:\/\/fernandodealbaarquitecto.com\/en\/wp-json\/wp\/v2\/pages\/51\/revisions\/559"}],"wp:attachment":[{"href":"https:\/\/fernandodealbaarquitecto.com\/en\/wp-json\/wp\/v2\/media?parent=51"}],"curies":[{"name":"wp","href":"https:\/\/api.w.org\/{rel}","templated":true}]}}